{"id":5474,"date":"2019-03-25T12:55:09","date_gmt":"2019-03-25T11:55:09","guid":{"rendered":"https:\/\/www.magnesitasnavarras.es\/research-and-investigation\/international-projects\/"},"modified":"2024-04-08T13:16:44","modified_gmt":"2024-04-08T11:16:44","slug":"international-projects","status":"publish","type":"page","link":"https:\/\/magnesitas.proyectos.cc\/en\/research-and-investigation\/international-projects\/","title":{"rendered":"International projects"},"content":{"rendered":"<section class=\"wpb-content-wrapper\"><p>[vc_row css=&#8221;.vc_custom_1542105492481{margin-top: -80px !important;margin-bottom: 50px !important;border-top-width: 0px !important;padding-top: 0px !important;background-image: url(https:\/\/terresis.proyectos.cc\/wp-content\/uploads\/2018\/10\/magnesia-para-farmacia.jpg?id=3650) !important;}&#8221;][vc_column width=&#8221;1\/2&#8243; css=&#8221;.vc_custom_1542100755507{padding: 15% !important;}&#8221;][vc_column_text css=&#8221;.vc_custom_1542102670907{padding-top: 50px !important;padding-right: 50px !important;padding-bottom: 50px !important;padding-left: 50px !important;background-color: rgba(0,0,0,0.5) !important;*background-color: rgb(0,0,0) !important;}&#8221;]<\/p>\n<h3><em style=\"color: #fff;\">\u201cMagnesitas Navarras invests an average of one million euros each year in R&amp;D.\u201d<\/em><\/h3>\n<p>[\/vc_column_text][\/vc_column][vc_column width=&#8221;1\/2&#8243;][\/vc_column][\/vc_row][vc_row css=&#8221;.vc_custom_1542100795686{margin-bottom: 50px !important;}&#8221;][vc_column][vc_column_text]<\/p>\n<h2 style=\"font-size: 50px; font-weight: 300;\">R&amp;D International Projects<\/h2>\n<p>[\/vc_column_text][vc_single_image image=&#8221;8808&#8243;][vc_column_text]<\/p>\n<h3>Phosphorus and magnesium recovery from waste streams for production of high-value renewable fertilizers<\/h3>\n<h4 class=\"proyect-label\">Acr\u00f3nimo: PHOSTER<\/h4>\n<h5 class=\"proyect-label\">OBJETIVO<\/h5>\n<p class=\"TABLATEXTO\">El proyecto PHOSTER tiene como objetivo desarrollar una soluci\u00f3n sostenible de econom\u00eda circular para la recuperaci\u00f3n de minerales y metales secundarios a partir de flujos de residuos (cenizas de lodos de depuradora) y subproductos (industria minera) con el fin de sustituir materias primas cr\u00edticas primarias (roca fosf\u00f3rica, f\u00f3sforo, magnesio) en la fabricaci\u00f3n de fertilizantes.<\/p>\n<p><a href=\"https:\/\/phoster-project.eu\/\" target=\"_blank\" rel=\"noopener\">www.phoster-project.eu<\/a><\/p>\n<p class=\"proyect-label\">Fecha INICIO: 01\/03\/2022<\/p>\n<p class=\"proyect-label\">Fecha FIN: 31\/08\/2024<\/p>\n<p>FINANCIACI\u00d3N<\/p>\n<p><img decoding=\"async\" loading=\"lazy\" class=\"alignnone wp-image-8809\" src=\"https:\/\/terresis.proyectos.cc\/wp-content\/uploads\/Captura-de-pantalla-2024-04-08-a-las-13.12.35.png\" alt=\"\" width=\"486\" height=\"112\" srcset=\"https:\/\/magnesitas.proyectos.cc\/wp-content\/uploads\/Captura-de-pantalla-2024-04-08-a-las-13.12.35.png 912w, https:\/\/magnesitas.proyectos.cc\/wp-content\/uploads\/Captura-de-pantalla-2024-04-08-a-las-13.12.35-300x69.png 300w, https:\/\/magnesitas.proyectos.cc\/wp-content\/uploads\/Captura-de-pantalla-2024-04-08-a-las-13.12.35-768x177.png 768w, https:\/\/magnesitas.proyectos.cc\/wp-content\/uploads\/Captura-de-pantalla-2024-04-08-a-las-13.12.35-880x203.png 880w, https:\/\/magnesitas.proyectos.cc\/wp-content\/uploads\/Captura-de-pantalla-2024-04-08-a-las-13.12.35-450x104.png 450w\" sizes=\"(max-width: 486px) 100vw, 486px\" \/>[\/vc_column_text][vc_single_image image=&#8221;3783&#8243;][vc_column_text]<\/p>\n<h3>Implementation of a new phosphate removal tertiary treatment in WWTP<\/h3>\n<h4 class=\"proyect-label\">Acronym: REMPHOS<\/h4>\n<h5 class=\"proyect-label\">OBJECTIVE<\/h5>\n<p>The key objective of this project is to develop a technology to remove phosphates from waste water through a by-product from the magnesite production industry and to implement this technology in a WWTP in order to improve the quality of the water.<\/p>\n<p><a href=\"http:\/\/remphos-life.es\/\" target=\"_blank\" rel=\"noopener\">http:\/\/remphos-life.es\/<\/a><\/p>\n<p class=\"proyect-label\">START date: 01\/09\/2013<\/p>\n<p class=\"proyect-label\">END date: 31\/08\/2017<\/p>\n<p>[\/vc_column_text][vc_single_image image=&#8221;3789&#8243;][vc_column_text]<\/p>\n<h3>Reduction of SO<sub>2<\/sub>\u00a0emissions by a zero-effluent wet desulfuration process using MgO by-products<\/h3>\n<h4 class=\"proyect-label\">Acronym: LIFESO2ZEROEF<\/h4>\n<h5 class=\"proyect-label\">OBJECTIVE<\/h5>\n<p>The key objective of this project is to demonstrate the viability of a &#8220;zero effluent&#8221; wet desulphurisation technology for calcination kilns, using MgO based reagents, following a procedure which valorises the effluents produced, so that there is no risk of the effluents contaminating the water or causing other environmental problems.<\/p>\n<p class=\"TABLATEXTO\"><a href=\"http:\/\/www.lifeso2zeroef.es\/\" target=\"_blank\" rel=\"noopener\">http:\/\/www.lifeso2zeroef.es\/<\/a><\/p>\n<p class=\"proyect-label\">START date: 02\/06\/2014<\/p>\n<p class=\"proyect-label\">END date: 30\/06\/2016<\/p>\n<p>[\/vc_column_text][vc_row_inner][vc_column_inner width=&#8221;1\/4&#8243;][\/vc_column_inner][vc_column_inner width=&#8221;1\/2&#8243;][vc_single_image image=&#8221;3757&#8243; alignment=&#8221;center&#8221; style=&#8221;vc_box_circle_2&#8243; onclick=&#8221;custom_link&#8221; css=&#8221;.vc_custom_1547582601760{padding-top: 15% !important;padding-right: 15% !important;padding-left: 15% !important;}&#8221; link=&#8221;https:\/\/terresis.proyectos.cc\/innovacion-e-investigacion-en-magnesita\/proyectos-nacionales\/&#8221;][vc_btn title=&#8221;National projects&#8221; align=&#8221;center&#8221; i_icon_fontawesome=&#8221;fa fa-flag-o&#8221; button_block=&#8221;true&#8221; add_icon=&#8221;true&#8221; link=&#8221;url:https%3A%2F%2Fwww.magnesitasnavarras.es%2Finnovacion-e-investigacion-en-magnesita%2Fproyectos-nacionales%2F|&#8221;][\/vc_column_inner][vc_column_inner width=&#8221;1\/4&#8243;][\/vc_column_inner][\/vc_row_inner][\/vc_column][\/vc_row]<\/p>\n<\/section>","protected":false},"excerpt":{"rendered":"<p>[vc_row css=&#8221;.vc_custom_1542105492481{margin-top: -80px !important;margin-bottom: 50px !important;border-top-width: 0px !important;padding-top: 0px !important;background-image: url(https:\/\/terresis.proyectos.cc\/wp-content\/uploads\/2018\/10\/magnesia-para-farmacia.jpg?id=3650) !important;}&#8221;][vc_column width=&#8221;1\/2&#8243; css=&#8221;.vc_custom_1542100755507{padding: 15% !important;}&#8221;][vc_column_text css=&#8221;.vc_custom_1542102670907{padding-top: 50px !important;padding-right: 50px !important;padding-bottom: 50px !important;padding-left: 50px !important;background-color: rgba(0,0,0,0.5) !important;*background-color: rgb(0,0,0) !important;}&#8221;] \u201cMagnesitas Navarras invests an average of one million euros each year in R&amp;D.\u201d [\/vc_column_text][\/vc_column][vc_column width=&#8221;1\/2&#8243;][\/vc_column][\/vc_row][vc_row css=&#8221;.vc_custom_1542100795686{margin-bottom: 50px !important;}&#8221;][vc_column][vc_column_text] R&amp;D International Projects [&hellip;]<\/p>\n","protected":false},"author":1,"featured_media":0,"parent":5072,"menu_order":0,"comment_status":"closed","ping_status":"closed","template":"","meta":{"_uf_show_specific_survey":0,"_uf_disable_surveys":false},"_links":{"self":[{"href":"https:\/\/magnesitas.proyectos.cc\/en\/wp-json\/wp\/v2\/pages\/5474"}],"collection":[{"href":"https:\/\/magnesitas.proyectos.cc\/en\/wp-json\/wp\/v2\/pages"}],"about":[{"href":"https:\/\/magnesitas.proyectos.cc\/en\/wp-json\/wp\/v2\/types\/page"}],"author":[{"embeddable":true,"href":"https:\/\/magnesitas.proyectos.cc\/en\/wp-json\/wp\/v2\/users\/1"}],"replies":[{"embeddable":true,"href":"https:\/\/magnesitas.proyectos.cc\/en\/wp-json\/wp\/v2\/comments?post=5474"}],"version-history":[{"count":13,"href":"https:\/\/magnesitas.proyectos.cc\/en\/wp-json\/wp\/v2\/pages\/5474\/revisions"}],"predecessor-version":[{"id":8818,"href":"https:\/\/magnesitas.proyectos.cc\/en\/wp-json\/wp\/v2\/pages\/5474\/revisions\/8818"}],"up":[{"embeddable":true,"href":"https:\/\/magnesitas.proyectos.cc\/en\/wp-json\/wp\/v2\/pages\/5072"}],"wp:attachment":[{"href":"https:\/\/magnesitas.proyectos.cc\/en\/wp-json\/wp\/v2\/media?parent=5474"}],"curies":[{"name":"wp","href":"https:\/\/api.w.org\/{rel}","templated":true}]}}