{"id":5483,"date":"2019-03-25T13:19:15","date_gmt":"2019-03-25T12:19:15","guid":{"rendered":"https:\/\/www.magnesitasnavarras.es\/research-and-investigation\/national-projects\/"},"modified":"2024-03-20T21:16:07","modified_gmt":"2024-03-20T20:16:07","slug":"national-projects","status":"publish","type":"page","link":"https:\/\/magnesitas.proyectos.cc\/en\/research-and-investigation\/national-projects\/","title":{"rendered":"National projects"},"content":{"rendered":"<section class=\"wpb-content-wrapper\"><p>[vc_row css=&#8221;.vc_custom_1542110963109{margin-top: -80px !important;margin-bottom: 50px !important;border-top-width: 0px !important;padding-top: 0px !important;background-image: url(https:\/\/terresis.proyectos.cc\/wp-content\/uploads\/2018\/11\/proyectos-nacionales-1920-2.jpg?id=3776) !important;background-position: center !important;background-repeat: no-repeat !important;background-size: cover !important;}&#8221;][vc_column width=&#8221;1\/2&#8243; css=&#8221;.vc_custom_1542100755507{padding: 15% !important;}&#8221;][vc_column_text css=&#8221;.vc_custom_1542102670907{padding-top: 50px !important;padding-right: 50px !important;padding-bottom: 50px !important;padding-left: 50px !important;background-color: rgba(0,0,0,0.5) !important;*background-color: rgb(0,0,0) !important;}&#8221;]<\/p>\n<h3><em style=\"color: #fff;\">\u201cMagnesitas Navarras invests an average of one million euros each year in R&amp;D.\u201d<\/em><\/h3>\n<p>[\/vc_column_text][\/vc_column][vc_column width=&#8221;1\/2&#8243;][\/vc_column][\/vc_row][vc_row css=&#8221;.vc_custom_1542100795686{margin-bottom: 50px !important;}&#8221;][vc_column][vc_column_text]<\/p>\n<h2 style=\"font-size: 50px; font-weight: 300;\">I+D National Proyects<\/h2>\n<h3><a href=\"https:\/\/terresis.proyectos.cc\/innovacion-e-investigacion-en-magnesita\/proyectos-nacionales\/hidromag\/\">&gt; Almacenamiento de hidr\u00f3geno a partir de productos en base magnesio (HIDROMAG)<\/a><\/h3>\n<h3>&gt; <a href=\"https:\/\/terresis.proyectos.cc\/?page_id=8144&amp;preview=true\">Econom\u00eda circular de subproductos minerales, para la recuperaci\u00f3n de suelos en explotaciones mineras y mejora de suelos agr\u00edcolas existentes<\/a><\/h3>\n<h3>&gt; <a href=\"https:\/\/terresis.proyectos.cc\/innovacion-e-investigacion-en-magnesita\/proyectos-nacionales\/ceres\/\">Investigaci\u00f3n avanzada en el \u00e1mbito de los residuos industriales de base mineral como materias primas secundarias para la formulaci\u00f3n de nuevos productos ecol\u00f3gicos y la creaci\u00f3n de bucles de econom\u00eda circular &#8211; CERES<\/a><\/h3>\n<h3>&gt; <a href=\"https:\/\/terresis.proyectos.cc\/innovacion-e-investigacion-en-magnesita\/proyectos-nacionales\/magnyfos\/\">Utilizaci\u00f3n de subproductos de magnesio para la recuperaci\u00f3n del f\u00f3sforo en estaciones depuradoras de aguas residuales mediante precipitaci\u00f3n de estruvita<\/a><\/h3>\n<h3>&gt; <a href=\"https:\/\/terresis.proyectos.cc\/innovacion-e-investigacion-en-magnesita\/proyectos-nacionales\/nano\/\">Estudio del efecto de la reducci\u00f3n del tama\u00f1o de part\u00edcula sobre la actividad de los productos de magnesio obtenidos de magnesita<\/a><\/h3>\n<h3>&gt; <a href=\"https:\/\/terresis.proyectos.cc\/innovacion-e-investigacion-en-magnesita\/proyectos-nacionales\/tecnosuelos\/\">Recuperaci\u00f3n de suelos en Miner\u00eda, mediante el dise\u00f1o de tecnosuelos dentro del paradigma de Econom\u00eda Circular<\/a><\/h3>\n<h3>&gt; <a href=\"https:\/\/terresis.proyectos.cc\/innovacion-e-investigacion-en-magnesita\/proyectos-nacionales\/REFRACT\/\">Fomento de la econom\u00eda circular en la valorizaci\u00f3n de materiales refractarios<\/a><\/h3>\n<h3>&gt;\u00a0<a title=\"Desarrollo de un robot de gunitado m\u00f3vil para la aplicaci\u00f3n de material refractario en hornos el\u00e9ctricos\" href=\"https:\/\/terresis.proyectos.cc\/en\/research-and-investigation\/national-projects\/shotcrete\/\">Desarrollo de un hormig\u00f3n refractario b\u00e1sico para horno el\u00e9ctrico y otros recipientes en la producci\u00f3n de acero<\/a><\/h3>\n<h3>&gt;\u00a0<a href=\"https:\/\/terresis.proyectos.cc\/innovacion-e-investigacion-en-magnesita\/proyectos-nacionales\/atmosfera-reductora\/\">Estudio del efecto de la combusti\u00f3n en atm\u00f3sfera reductora sobre las propiedades del producto como alternativa para evitar la generaci\u00f3n de emisiones de NO<sub>X<\/sub><\/a><\/h3>\n<h3>&gt; <a href=\"https:\/\/terresis.proyectos.cc\/innovacion-e-investigacion-en-magnesita\/proyectos-nacionales\/suelos-sulfatos\/\">Estudio y aplicaci\u00f3n de coproductos basados en el \u00f3xido de magnesio como estabilizadores de suelos con contenido en sulfatos<\/a><\/h3>\n<h3>&gt;\u00a0<a title=\"Productos basados en \u00f3xido de magnesio con aplicaciones en nutrici\u00f3n animal y fertilizaci\u00f3n vegetal\" href=\"https:\/\/terresis.proyectos.cc\/innovacion-e-investigacion-en-magnesita\/proyectos-nacionales\/oxidos\/\">Productos basados en \u00f3xido de magnesio con aplicaciones en nutrici\u00f3n animal y fertilizaci\u00f3n vegetal<\/a><\/h3>\n<h3>&gt;\u00a0<a title=\"Desarrollo de un robot de gunitado m\u00f3vil para la aplicaci\u00f3n de material refractario en hornos el\u00e9ctricos\" href=\"https:\/\/terresis.proyectos.cc\/innovacion-e-investigacion-en-magnesita\/proyectos-nacionales\/spidergun\/\">Desarrollo de un robot de gunitado m\u00f3vil para la aplicaci\u00f3n de material refractario en hornos el\u00e9ctricos<\/a><\/h3>\n<h3>&gt;\u00a0<a title=\"Desarrollo de un sistema 3D de medici\u00f3n para espesores de material refractario\" href=\"https:\/\/terresis.proyectos.cc\/innovacion-e-investigacion-en-magnesita\/proyectos-nacionales\/laser\/\">Desarrollo de un sistema 3D de medici\u00f3n para espesores de material refractario<\/a><\/h3>\n<h3>&gt;\u00a0<a title=\"Enriquecimiento de gravas de desecho para elaboraci\u00f3n de masas de solera de alta gama\" href=\"https:\/\/terresis.proyectos.cc\/innovacion-e-investigacion-en-magnesita\/proyectos-nacionales\/solera\/\">Enriquecimiento de gravas de desecho para elaboraci\u00f3n de masas de solera de alta gama<\/a><\/h3>\n<h3>&gt;\u00a0<a title=\"Desarrollo de masas refractarias de tundish a partir de minerales de baja ley en MgO\" href=\"https:\/\/terresis.proyectos.cc\/innovacion-e-investigacion-en-magnesita\/proyectos-nacionales\/tundish-altocao\/\">Desarrollo de masas refractarias de tundish a partir de minerales de baja ley en MgO<\/a><\/h3>\n<h3>&gt;\u00a0<a title=\"Descontaminantes polivalentes (metales pesados y contaminantes org\u00e1nicos) para la regeneraci\u00f3n y\/o protecci\u00f3n de suelos y del medio ambiente\" href=\"https:\/\/terresis.proyectos.cc\/innovacion-e-investigacion-en-magnesita\/proyectos-nacionales\/suelos\/\">Descontaminantes polivalentes (metales pesados y contaminantes org\u00e1nicos) para la regeneraci\u00f3n y\/o protecci\u00f3n de suelos y del medio ambiente<\/a><\/h3>\n<h3>&gt;\u00a0<a title=\"Desarrollo de masas refractarias de alta gama para el gunitado de convertidores, cucharas y hornos el\u00e9ctricos\" href=\"https:\/\/terresis.proyectos.cc\/innovacion-e-investigacion-en-magnesita\/proyectos-nacionales\/alta-gama\/\">Desarrollo de masas refractarias de alta gama para el gunitado de convertidores, cucharas y hornos el\u00e9ctricos<\/a><\/h3>\n<h3>&gt;\u00a0<a title=\"Desarrollo de masas de tundish de conformado a temperatura ambiente\" href=\"https:\/\/terresis.proyectos.cc\/innovacion-e-investigacion-en-magnesita\/proyectos-nacionales\/coldmag\/\">Desarrollo de masas de tundish de conformado a temperatura ambiente<\/a><\/h3>\n<h3>&gt;\u00a0<a title=\"Desarrollo de nuevos productos para solera y gunitado\" href=\"https:\/\/terresis.proyectos.cc\/innovacion-e-investigacion-en-magnesita\/proyectos-nacionales\/desarrollo-de-nuevos-productos-para-solera-y-gunitado\/\">Desarrollo de nuevos productos para solera y gunitado<\/a><\/h3>\n<h3>&gt;\u00a0<a title=\"Desarrollo del proceso de calcinaci\u00f3n de magnesita en un horno de producci\u00f3n de cemento\" href=\"https:\/\/terresis.proyectos.cc\/innovacion-e-investigacion-en-magnesita\/proyectos-nacionales\/cemento\/\">Desarrollo del proceso de calcinaci\u00f3n de magnesita en un horno de producci\u00f3n de cemento<\/a><\/h3>\n<h3>&gt;\u00a0<a title=\"Procesos avanzados de reducci\u00f3n y valorizaci\u00f3n de la contaminaci\u00f3n atmosf\u00e9rica en los gases de salida de un horno rotativo de calcinaci\u00f3n de magnesita\" href=\"https:\/\/terresis.proyectos.cc\/innovacion-e-investigacion-en-magnesita\/proyectos-nacionales\/emisiones\/\">Procesos avanzados de reducci\u00f3n y valorizaci\u00f3n de la contaminaci\u00f3n atmosf\u00e9rica en los gases de salida de un horno rotativo de calcinaci\u00f3n de magnesita<\/a><\/h3>\n<h3>&gt;\u00a0<a title=\"Desarrollo de nuevos materiales de construcci\u00f3n sostenibles basados en la valorizaci\u00f3n de residuos y subproductos (RESICONS)\" href=\"https:\/\/terresis.proyectos.cc\/innovacion-e-investigacion-en-magnesita\/proyectos-nacionales\/resicons\/\">Desarrollo de nuevos materiales de construcci\u00f3n sostenibles basados en la valorizaci\u00f3n de residuos y subproductos (RESICONS)<\/a><\/h3>\n<h3>&gt;\u00a0<a title=\"Obtenci\u00f3n de \u00f3xido de magnesio de alta pureza e hidromagnesita a partir de subproductos mediante un proceso eficiente y con el menor impacto medioambiental\" href=\"https:\/\/terresis.proyectos.cc\/innovacion-e-investigacion-en-magnesita\/proyectos-nacionales\/hidromagnesita\/\">Obtenci\u00f3n de \u00f3xido de magnesio de alta pureza e hidromagnesita a partir de subproductos mediante un proceso eficiente y con el menor impacto medioambiental<\/a><\/h3>\n<h3>&gt;\u00a0<a title=\"Desarrollo de nuevas masas refractarias secas de conformado en caliente para artesas de colada continua\" href=\"https:\/\/terresis.proyectos.cc\/innovacion-e-investigacion-en-magnesita\/proyectos-nacionales\/filmag\/\">Desarrollo de nuevas masas refractarias secas de conformado en caliente para artesas de colada continua<\/a><\/h3>\n<h3>&gt;\u00a0<a title=\"Reducci\u00f3n del impacto medioambiental del proceso de calcinaci\u00f3n de magnesita mediante el empleo de biomasa como combustible alternativo\" href=\"https:\/\/terresis.proyectos.cc\/innovacion-e-investigacion-en-magnesita\/proyectos-nacionales\/biomasa\/\">Reducci\u00f3n del impacto medioambiental del proceso de calcinaci\u00f3n de magnesita mediante el empleo de biomasa como combustible alternativo<\/a><\/h3>\n<h3>&gt;\u00a0<a title=\"Revalorizaci\u00f3n de subproductos de bajo contenido en MgO para su uso como cargas ign\u00edfugas en pl\u00e1sticos reciclados\" href=\"https:\/\/terresis.proyectos.cc\/innovacion-e-investigacion-en-magnesita\/proyectos-nacionales\/ignifugos\/\">Revalorizaci\u00f3n de subproductos de bajo contenido en MgO para su uso como cargas ign\u00edfugas en pl\u00e1sticos reciclados<\/a><\/h3>\n<h3>&gt;\u00a0<a title=\"Nuevas masas refractarias de alta eficiencia para artesas de colada\" href=\"https:\/\/terresis.proyectos.cc\/innovacion-e-investigacion-en-magnesita\/proyectos-nacionales\/tundish\/\">Nuevas masas refractarias de alta eficiencia para artesas de colada<\/a><\/h3>\n<h3>&gt;\u00a0<a title=\"Efecto del tipo de hierro incluido en la dieta de ovino sobre los par\u00e1metros ruminales y su absorci\u00f3n en sangre\" href=\"https:\/\/terresis.proyectos.cc\/innovacion-e-investigacion-en-magnesita\/proyectos-nacionales\/nutricion\/\">Efecto del tipo de hierro incluido en la dieta de ovino sobre los par\u00e1metros ruminales y su absorci\u00f3n en sangre<\/a><\/h3>\n<h3>&gt;\u00a0<a title=\"Reducci\u00f3n del proceso de segregaci\u00f3n de silos de almacenamiento de \u00f3xido de magnesio \" href=\"https:\/\/terresis.proyectos.cc\/innovacion-e-investigacion-en-magnesita\/proyectos-nacionales\/silos\/\">Reducci\u00f3n del proceso de segregaci\u00f3n de silos de almacenamiento de \u00f3xido de magnesio<\/a><\/h3>\n<p>[\/vc_column_text][vc_row_inner][vc_column_inner width=&#8221;1\/4&#8243;][\/vc_column_inner][vc_column_inner width=&#8221;1\/2&#8243;][vc_single_image image=&#8221;3651&#8243; alignment=&#8221;center&#8221; style=&#8221;vc_box_circle_2&#8243; onclick=&#8221;custom_link&#8221; css=&#8221;.vc_custom_1542105219680{padding-top: 15% !important;padding-right: 15% !important;padding-left: 15% !important;}&#8221; link=&#8221;https:\/\/terresis.proyectos.cc\/en\/research-and-investigation\/international-projects\/&#8221;][vc_btn title=&#8221;International projects&#8221; align=&#8221;center&#8221; i_icon_fontawesome=&#8221;fa fa-globe&#8221; button_block=&#8221;true&#8221; add_icon=&#8221;true&#8221; link=&#8221;url:https%3A%2F%2Fwww.magnesitasnavarras.es%2Fen%2Fresearch-and-investigation%2Finternational-projects%2F|&#8221;][\/vc_column_inner][vc_column_inner width=&#8221;1\/4&#8243;][\/vc_column_inner][\/vc_row_inner][\/vc_column][\/vc_row]<\/p>\n<\/section>","protected":false},"excerpt":{"rendered":"<p>[vc_row css=&#8221;.vc_custom_1542110963109{margin-top: -80px !important;margin-bottom: 50px !important;border-top-width: 0px !important;padding-top: 0px !important;background-image: url(https:\/\/terresis.proyectos.cc\/wp-content\/uploads\/2018\/11\/proyectos-nacionales-1920-2.jpg?id=3776) !important;background-position: center !important;background-repeat: no-repeat !important;background-size: cover !important;}&#8221;][vc_column width=&#8221;1\/2&#8243; css=&#8221;.vc_custom_1542100755507{padding: 15% !important;}&#8221;][vc_column_text css=&#8221;.vc_custom_1542102670907{padding-top: 50px !important;padding-right: 50px !important;padding-bottom: 50px !important;padding-left: 50px !important;background-color: rgba(0,0,0,0.5) !important;*background-color: rgb(0,0,0) !important;}&#8221;] \u201cMagnesitas Navarras invests an average of one million euros each year in R&amp;D.\u201d [\/vc_column_text][\/vc_column][vc_column width=&#8221;1\/2&#8243;][\/vc_column][\/vc_row][vc_row [&hellip;]<\/p>\n","protected":false},"author":1,"featured_media":0,"parent":5072,"menu_order":0,"comment_status":"closed","ping_status":"closed","template":"","meta":{"_uf_show_specific_survey":0,"_uf_disable_surveys":false},"_links":{"self":[{"href":"https:\/\/magnesitas.proyectos.cc\/en\/wp-json\/wp\/v2\/pages\/5483"}],"collection":[{"href":"https:\/\/magnesitas.proyectos.cc\/en\/wp-json\/wp\/v2\/pages"}],"about":[{"href":"https:\/\/magnesitas.proyectos.cc\/en\/wp-json\/wp\/v2\/types\/page"}],"author":[{"embeddable":true,"href":"https:\/\/magnesitas.proyectos.cc\/en\/wp-json\/wp\/v2\/users\/1"}],"replies":[{"embeddable":true,"href":"https:\/\/magnesitas.proyectos.cc\/en\/wp-json\/wp\/v2\/comments?post=5483"}],"version-history":[{"count":26,"href":"https:\/\/magnesitas.proyectos.cc\/en\/wp-json\/wp\/v2\/pages\/5483\/revisions"}],"predecessor-version":[{"id":8797,"href":"https:\/\/magnesitas.proyectos.cc\/en\/wp-json\/wp\/v2\/pages\/5483\/revisions\/8797"}],"up":[{"embeddable":true,"href":"https:\/\/magnesitas.proyectos.cc\/en\/wp-json\/wp\/v2\/pages\/5072"}],"wp:attachment":[{"href":"https:\/\/magnesitas.proyectos.cc\/en\/wp-json\/wp\/v2\/media?parent=5483"}],"curies":[{"name":"wp","href":"https:\/\/api.w.org\/{rel}","templated":true}]}}