{"id":5507,"date":"2019-03-26T20:21:56","date_gmt":"2019-03-26T19:21:56","guid":{"rendered":"https:\/\/www.magnesitasnavarras.es\/cookies\/"},"modified":"2019-03-26T20:22:11","modified_gmt":"2019-03-26T19:22:11","slug":"cookies","status":"publish","type":"page","link":"https:\/\/magnesitas.proyectos.cc\/en\/cookies\/","title":{"rendered":"Cookies"},"content":{"rendered":"<section class=\"wpb-content-wrapper\"><p>[vc_row][vc_column width=&#8221;5\/6&#8243;][vc_column_text]<\/p>\n<h3><strong>1.1.- General Information.<br \/>\n<\/strong><\/h3>\n<p>Cookies are text files stored on your device, containing a number of data on your visit to our website<br \/>\nFor more details about cookies, please visit:<\/p>\n<p>Si desea obtener m\u00e1s informaci\u00f3n en relaci\u00f3n a las cookies, ponemos a su disposici\u00f3n los siguientes enlaces:<\/p>\n<p><a href=\"https:\/\/en.wikipedia.org\/wiki\/HTTP_cookie\">\u2013 Cookies Wikipedia entry.<\/a><\/p>\n<p><a href=\"https:\/\/tools.ietf.org\/html\/rfc6265#page-28\">\u2013 Cookies technical document<\/a><\/p>\n<p><a href=\"http:\/\/www.allaboutcookies.org\/\">\u2013 Allaboutcookies.org<\/a><\/p>\n<h3><strong>1.2- Managing and removing cookies<br \/>\n<\/strong><\/h3>\n<p>Generally\u00a0browsers\u00a0have different cookies settings options which allow the user to have different privacy levels, for instance: refuse the use of cookies or remove all the cookies installed in your computer. In order to modify these settings, you ask for help to its company or check its documentation:<\/p>\n<p>&#8211;\u00a0<a href=\"http:\/\/support.google.com\/chrome\/bin\/answer.py?hl=es&amp;answer=95647\" target=\"_blank\" rel=\"noopener\">Google Chrome<\/a>,\u00a0<a href=\"http:\/\/support.mozilla.org\/es\/kb\/Habilitar%20y%20deshabilitar%20cookies\" target=\"_blank\" rel=\"noopener\">Mozilla Firefox<\/a>,\u00a0<a href=\"https:\/\/support.microsoft.com\/es-es\/help\/17442\/windows-internet-explorer-delete-manage-cookies\" target=\"_blank\" rel=\"noopener\">Internet Explorer<\/a>y\u00a0\u00a0<a href=\"https:\/\/support.apple.com\/kb\/PH21411?viewlocale=es_ES&amp;locale=es_ES\" target=\"_blank\" rel=\"noopener\">Safari.<\/a><\/p>\n<p>&#8211;\u00a0<a href=\"https:\/\/support.apple.com\/es-es\/HT201265\" target=\"_blank\" rel=\"noopener\">IOS<\/a>\u00a0y\u00a0<a href=\"https:\/\/support.google.com\/chrome\/answer\/114662?hl=es&amp;visit_id=0-636432348995326330-3931612517&amp;rd=1&amp;co=GENIE.Platform%3DAndroid&amp;oco=1\" target=\"_blank\" rel=\"noopener\">Android<\/a>.<\/p>\n<p>If you choose to block cookies, some aspects of this website may not work properly and you may not be able to access all or part of the website.<\/p>\n<h3><strong>1.3 Private Navigation<br \/>\n<\/strong><\/h3>\n<p>Finally, apart from the possibility to block or remove cookies, most of the browsers allow the website visit through the \u201cprivate browsing,\u00a0incognito,\u00a0InPrivate\u201d option. This option implies that after closing the browser\/tab the navigation data gathered or generated are removed (cookies among others).<\/p>\n<h3><strong>1.4.- Website Cookies<br \/>\n<\/strong><\/h3>\n<p>Navigation on the website of Magnesitas Navarras, S.A. results in a cookies storage.<\/p>\n<p>We use cookies to:<\/p>\n<p>\u2022 Ensure the proper functioning of the Site;<br \/>\n\u2022 Analyse anonymously attendance pages (number of visits, visitors\u2019 activity, return frequencies)<br \/>\nCookies are kept for 13 months. This period is not extended by your return visits.<\/p>\n<p>&nbsp;[\/vc_column_text][\/vc_column][vc_column width=&#8221;1\/6&#8243;][\/vc_column][\/vc_row]<\/p>\n<\/section>","protected":false},"excerpt":{"rendered":"<p>[vc_row][vc_column width=&#8221;5\/6&#8243;][vc_column_text] 1.1.- General Information. Cookies are text files stored on your device, containing a number of data on your visit to our website For more details about cookies, please visit: Si desea obtener m\u00e1s informaci\u00f3n en relaci\u00f3n a las cookies, ponemos a su disposici\u00f3n los siguientes enlaces: \u2013 Cookies [&hellip;]<\/p>\n","protected":false},"author":1,"featured_media":0,"parent":0,"menu_order":0,"comment_status":"closed","ping_status":"closed","template":"","meta":{"_uf_show_specific_survey":0,"_uf_disable_surveys":false},"_links":{"self":[{"href":"https:\/\/magnesitas.proyectos.cc\/en\/wp-json\/wp\/v2\/pages\/5507"}],"collection":[{"href":"https:\/\/magnesitas.proyectos.cc\/en\/wp-json\/wp\/v2\/pages"}],"about":[{"href":"https:\/\/magnesitas.proyectos.cc\/en\/wp-json\/wp\/v2\/types\/page"}],"author":[{"embeddable":true,"href":"https:\/\/magnesitas.proyectos.cc\/en\/wp-json\/wp\/v2\/users\/1"}],"replies":[{"embeddable":true,"href":"https:\/\/magnesitas.proyectos.cc\/en\/wp-json\/wp\/v2\/comments?post=5507"}],"version-history":[{"count":5,"href":"https:\/\/magnesitas.proyectos.cc\/en\/wp-json\/wp\/v2\/pages\/5507\/revisions"}],"predecessor-version":[{"id":5512,"href":"https:\/\/magnesitas.proyectos.cc\/en\/wp-json\/wp\/v2\/pages\/5507\/revisions\/5512"}],"wp:attachment":[{"href":"https:\/\/magnesitas.proyectos.cc\/en\/wp-json\/wp\/v2\/media?parent=5507"}],"curies":[{"name":"wp","href":"https:\/\/api.w.org\/{rel}","templated":true}]}}